{"id":64,"date":"2024-11-11T10:35:08","date_gmt":"2024-11-11T10:35:08","guid":{"rendered":"https:\/\/gruporayanled.com\/?page_id=64"},"modified":"2025-12-18T19:07:57","modified_gmt":"2025-12-18T19:07:57","slug":"quienes-somos","status":"publish","type":"page","link":"https:\/\/gruporayanled.com\/index.php\/quienes-somos\/","title":{"rendered":"Quienes somos"},"content":{"rendered":"\n<div class=\"wp-block-cover alignfull\" style=\"margin-top:0;padding-top:6vw;padding-right:6vw;padding-bottom:6vw;padding-left:6vw\"><span aria-hidden=\"true\" class=\"wp-block-cover__background has-ast-global-color-5-background-color has-background-dim-100 has-background-dim\"><\/span><div class=\"wp-block-cover__inner-container is-layout-flow wp-block-cover-is-layout-flow\">\n<div class=\"wp-block-group is-content-justification-center is-layout-flex wp-container-core-group-is-layout-82565499 wp-block-group-is-layout-flex\">\n<div class=\"wp-block-group alignwide wp-container-content-ceb7f5b3 is-content-justification-left is-layout-constrained wp-container-core-group-is-layout-852f5fc7 wp-block-group-is-layout-constrained\">\n<div style=\"height:90px\" aria-hidden=\"true\" class=\"wp-block-spacer\"><\/div>\n\n\n\n<h2 class=\"wp-block-heading alignwide has-text-align-left has-ast-global-color-0-color has-text-color\" style=\"font-size:69px;font-style:normal;font-weight:500;line-height:0.9;text-transform:none\">Quienes somos<\/h2>\n\n\n\n<div style=\"height:24px\" aria-hidden=\"true\" class=\"wp-block-spacer\"><\/div>\n\n\n\n<p class=\"has-text-align-left has-ast-global-color-0-color has-text-color\"><strong>Transformamos la comunicaci\u00f3n visual de tu marca con pantallas LED de \u00faltima generaci\u00f3n.<\/strong><br>Somos especialistas en <strong>soluciones visuales innovadoras<\/strong>, dise\u00f1ando y fabricando <strong>pantallas LED de interior, exterior y curvas<\/strong> que se adaptan a cada proyecto.<br>Combinamos <strong>experiencia, tecnolog\u00eda y servicio personalizado<\/strong> para ofrecer resultados que realmente destacan..<\/p>\n\n\n\n<div style=\"height:9px\" aria-hidden=\"true\" class=\"wp-block-spacer\"><\/div>\n\n\n\n<div class=\"wp-block-buttons is-content-justification-left is-nowrap is-layout-flex wp-container-core-buttons-is-layout-92e17da2 wp-block-buttons-is-layout-flex\">\n<div class=\"wp-block-button is-style-fill\"><a class=\"wp-block-button__link has-ast-global-color-5-color has-ast-global-color-0-background-color has-text-color has-background has-custom-font-size wp-element-button\" href=\"https:\/\/gruporayanled.com\/\" style=\"border-radius:48px;padding-top:24px;padding-right:48px;padding-bottom:24px;padding-left:48px;font-size:16px;font-style:normal;font-weight:500;letter-spacing:0px;text-transform:uppercase\">Ver m\u00e1s<\/a><\/div>\n<\/div>\n<\/div>\n\n\n\n<div class=\"wp-block-group is-content-justification-right is-nowrap is-layout-flex wp-container-core-group-is-layout-59a2d94b wp-block-group-is-layout-flex\">\n<div class=\"wp-block-group wp-container-content-0733e5d0 is-layout-flow wp-block-group-is-layout-flow\">\n<div style=\"height:8vw\" aria-hidden=\"true\" class=\"wp-block-spacer\"><\/div>\n\n\n\n<figure class=\"wp-block-image size-full wp-container-content-0733e5d0 wp-duotone-unset-1\"><img loading=\"lazy\" decoding=\"async\" width=\"1024\" height=\"585\" src=\"https:\/\/gruporayanled.com\/wp-content\/uploads\/2025\/12\/Gemini_Generated_Image_c3rb9mc3rb9mc3rb.png\" alt=\"\" class=\"wp-image-237\" srcset=\"https:\/\/gruporayanled.com\/wp-content\/uploads\/2025\/12\/Gemini_Generated_Image_c3rb9mc3rb9mc3rb.png 1024w, https:\/\/gruporayanled.com\/wp-content\/uploads\/2025\/12\/Gemini_Generated_Image_c3rb9mc3rb9mc3rb-300x171.png 300w, https:\/\/gruporayanled.com\/wp-content\/uploads\/2025\/12\/Gemini_Generated_Image_c3rb9mc3rb9mc3rb-768x439.png 768w\" sizes=\"auto, (max-width: 1024px) 100vw, 1024px\" \/><\/figure>\n<\/div>\n\n\n\n<figure class=\"wp-block-image size-full wp-container-content-0733e5d0 wp-duotone-unset-2\"><img loading=\"lazy\" decoding=\"async\" width=\"1024\" height=\"627\" src=\"https:\/\/gruporayanled.com\/wp-content\/uploads\/2025\/12\/Gemini_Generated_Image_2cief42cief42cie.png\" alt=\"\" class=\"wp-image-236\" srcset=\"https:\/\/gruporayanled.com\/wp-content\/uploads\/2025\/12\/Gemini_Generated_Image_2cief42cief42cie.png 1024w, https:\/\/gruporayanled.com\/wp-content\/uploads\/2025\/12\/Gemini_Generated_Image_2cief42cief42cie-300x184.png 300w, https:\/\/gruporayanled.com\/wp-content\/uploads\/2025\/12\/Gemini_Generated_Image_2cief42cief42cie-768x470.png 768w\" sizes=\"auto, (max-width: 1024px) 100vw, 1024px\" \/><\/figure>\n<\/div>\n<\/div>\n<\/div><\/div>\n\n\n\n<div class=\"wp-block-group alignfull has-ast-global-color-0-background-color has-background is-content-justification-center is-layout-constrained wp-block-group-is-layout-constrained\" style=\"margin-top:0;margin-bottom:0\">\n<div style=\"height:var(--wp--preset--spacing--20)\" aria-hidden=\"true\" class=\"wp-block-spacer\"><\/div>\n\n\n\n<div class=\"wp-block-group alignwide is-layout-flow wp-block-group-is-layout-flow\">\n<div class=\"wp-block-columns alignwide are-vertically-aligned-top is-layout-flex wp-container-core-columns-is-layout-5c8fb865 wp-block-columns-is-layout-flex\">\n<div class=\"wp-block-column is-vertically-aligned-top is-content-justification-left is-layout-constrained wp-container-core-column-is-layout-95996b15 wp-block-column-is-layout-constrained\">\n<h2 class=\"wp-block-heading has-ast-global-color-8-color has-text-color has-link-color wp-elements-51de768419b9efd9c44468a910505ebe\"><strong>Compromiso con la Calidad y el Servicio<\/strong>.<br><br><\/h2>\n<\/div>\n\n\n\n<div class=\"wp-block-column is-vertically-aligned-top is-layout-flow wp-block-column-is-layout-flow\" style=\"flex-basis:40%\">\n<p class=\"has-ast-global-color-8-color has-text-color has-link-color wp-elements-73ec2430d7d7aa21042f7e2c8c5c843e\">Ofrecemos <strong>pantallas LED confiables, eficientes y duraderas<\/strong> para que tu marca destaque en cualquier entorno.<br>M\u00e1s que tecnolog\u00eda, brindamos <strong>un servicio excepcional y soporte t\u00e9cnico continuo<\/strong>, porque tu \u00e9xito tambi\u00e9n es el nuestro.<\/p>\n\n\n\n<div class=\"wp-block-buttons is-layout-flex wp-block-buttons-is-layout-flex\">\n<div class=\"wp-block-button\"><a class=\"wp-block-button__link has-ast-global-color-5-color has-ast-global-color-8-background-color has-text-color has-background has-link-color wp-element-button\" href=\"https:\/\/gruporayanled.com\/index.php\/contacto\/\">Contactar<\/a><\/div>\n<\/div>\n<\/div>\n<\/div>\n\n\n\n<div style=\"height:var(--wp--preset--spacing--20)\" aria-hidden=\"true\" class=\"wp-block-spacer\"><\/div>\n\n\n\n<figure class=\"wp-block-image size-full is-resized\"><img loading=\"lazy\" decoding=\"async\" width=\"1024\" height=\"729\" src=\"https:\/\/gruporayanled.com\/wp-content\/uploads\/2025\/12\/Gemini_Generated_Image_cskswlcskswlcsks.png\" alt=\"\" class=\"wp-image-241\" style=\"aspect-ratio:16\/9;object-fit:cover;width:1920px\" srcset=\"https:\/\/gruporayanled.com\/wp-content\/uploads\/2025\/12\/Gemini_Generated_Image_cskswlcskswlcsks.png 1024w, https:\/\/gruporayanled.com\/wp-content\/uploads\/2025\/12\/Gemini_Generated_Image_cskswlcskswlcsks-300x214.png 300w, https:\/\/gruporayanled.com\/wp-content\/uploads\/2025\/12\/Gemini_Generated_Image_cskswlcskswlcsks-768x547.png 768w\" sizes=\"auto, (max-width: 1024px) 100vw, 1024px\" \/><\/figure>\n<\/div>\n\n\n\n<div style=\"height:var(--wp--preset--spacing--20)\" aria-hidden=\"true\" class=\"wp-block-spacer\"><\/div>\n<\/div>\n\n\n\n<div class=\"wp-block-group alignfull has-text-color has-background is-layout-flow wp-block-group-is-layout-flow\" style=\"color:#000000;background-color:#ffffff\">\n<p class=\"has-text-align-center has-small-font-size\" style=\"line-height:.9\"><strong>Ponte en contacto<\/strong><\/p>\n\n\n\n<h2 class=\"wp-block-heading has-text-align-center\" id=\"schedule-a-visit\" style=\"font-size:37px;line-height:1.15\"><strong><strong>Resolveremos tus dudas<\/strong><\/strong><\/h2>\n\n\n\n<div class=\"wp-block-buttons is-horizontal is-content-justification-center is-layout-flex wp-container-core-buttons-is-layout-03627597 wp-block-buttons-is-layout-flex\">\n<div class=\"wp-block-button has-custom-width wp-block-button__width-75\"><a class=\"wp-block-button__link has-text-color has-background wp-element-button\" href=\"https:\/\/gruporayanled.com\/index.php\/contacto\/\" style=\"border-radius:50px;color:#ffffff;background-color:#000000\">Contacto<\/a><\/div>\n<\/div>\n\n\n\n<div style=\"height:64px\" aria-hidden=\"true\" class=\"wp-block-spacer\"><\/div>\n<\/div>\n","protected":false},"excerpt":{"rendered":"<p>Compromiso con la Calidad y el Servicio. Ofrecemos pantallas LED confiables, eficientes y duraderas para que tu marca destaque en [&hellip;]<\/p>\n","protected":false},"author":2,"featured_media":0,"parent":0,"menu_order":0,"comment_status":"closed","ping_status":"closed","template":"","meta":{"_uag_custom_page_level_css":"","site-sidebar-layout":"default","site-content-layout":"","ast-site-content-layout":"full-width-container","site-content-style":"unboxed","site-sidebar-style":"default","ast-global-header-display":"","ast-banner-title-visibility":"","ast-main-header-display":"","ast-hfb-above-header-display":"","ast-hfb-below-header-display":"","ast-hfb-mobile-header-display":"","site-post-title":"disabled","ast-breadcrumbs-content":"","ast-featured-img":"","footer-sml-layout":"","theme-transparent-header-meta":"enabled","adv-header-id-meta":"","stick-header-meta":"","header-above-stick-meta":"","header-main-stick-meta":"","header-below-stick-meta":"","astra-migrate-meta-layouts":"default","ast-page-background-enabled":"default","ast-page-background-meta":{"desktop":{"background-color":"var(--ast-global-color-4)","background-image":"","background-repeat":"repeat","background-position":"center center","background-size":"auto","background-attachment":"scroll","background-type":"","background-media":"","overlay-type":"","overlay-color":"","overlay-opacity":"","overlay-gradient":""},"tablet":{"background-color":"","background-image":"","background-repeat":"repeat","background-position":"center center","background-size":"auto","background-attachment":"scroll","background-type":"","background-media":"","overlay-type":"","overlay-color":"","overlay-opacity":"","overlay-gradient":""},"mobile":{"background-color":"","background-image":"","background-repeat":"repeat","background-position":"center center","background-size":"auto","background-attachment":"scroll","background-type":"","background-media":"","overlay-type":"","overlay-color":"","overlay-opacity":"","overlay-gradient":""}},"ast-content-background-meta":{"desktop":{"background-color":"var(--ast-global-color-5)","background-image":"","background-repeat":"repeat","background-position":"center center","background-size":"auto","background-attachment":"scroll","background-type":"","background-media":"","overlay-type":"","overlay-color":"","overlay-opacity":"","overlay-gradient":""},"tablet":{"background-color":"var(--ast-global-color-5)","background-image":"","background-repeat":"repeat","background-position":"center center","background-size":"auto","background-attachment":"scroll","background-type":"","background-media":"","overlay-type":"","overlay-color":"","overlay-opacity":"","overlay-gradient":""},"mobile":{"background-color":"var(--ast-global-color-5)","background-image":"","background-repeat":"repeat","background-position":"center center","background-size":"auto","background-attachment":"scroll","background-type":"","background-media":"","overlay-type":"","overlay-color":"","overlay-opacity":"","overlay-gradient":""}},"footnotes":""},"class_list":["post-64","page","type-page","status-publish","hentry"],"uagb_featured_image_src":{"full":false,"thumbnail":false,"medium":false,"medium_large":false,"large":false,"1536x1536":false,"2048x2048":false,"mailpoet_newsletter_max":false},"uagb_author_info":{"display_name":"360 developer","author_link":"https:\/\/gruporayanled.com\/index.php\/author\/developer\/"},"uagb_comment_info":0,"uagb_excerpt":"Compromiso con la Calidad y el Servicio. Ofrecemos pantallas LED confiables, eficientes y duraderas para que tu marca destaque en [&hellip;]","_links":{"self":[{"href":"https:\/\/gruporayanled.com\/index.php\/wp-json\/wp\/v2\/pages\/64","targetHints":{"allow":["GET"]}}],"collection":[{"href":"https:\/\/gruporayanled.com\/index.php\/wp-json\/wp\/v2\/pages"}],"about":[{"href":"https:\/\/gruporayanled.com\/index.php\/wp-json\/wp\/v2\/types\/page"}],"author":[{"embeddable":true,"href":"https:\/\/gruporayanled.com\/index.php\/wp-json\/wp\/v2\/users\/2"}],"replies":[{"embeddable":true,"href":"https:\/\/gruporayanled.com\/index.php\/wp-json\/wp\/v2\/comments?post=64"}],"version-history":[{"count":24,"href":"https:\/\/gruporayanled.com\/index.php\/wp-json\/wp\/v2\/pages\/64\/revisions"}],"predecessor-version":[{"id":242,"href":"https:\/\/gruporayanled.com\/index.php\/wp-json\/wp\/v2\/pages\/64\/revisions\/242"}],"wp:attachment":[{"href":"https:\/\/gruporayanled.com\/index.php\/wp-json\/wp\/v2\/media?parent=64"}],"curies":[{"name":"wp","href":"https:\/\/api.w.org\/{rel}","templated":true}]}}